{"id":252,"date":"2025-11-11T17:57:56","date_gmt":"2025-11-11T17:57:56","guid":{"rendered":"https:\/\/tremor.care\/homepage\/"},"modified":"2026-01-05T18:15:23","modified_gmt":"2026-01-05T18:15:23","slug":"homepage","status":"publish","type":"page","link":"https:\/\/tremor.care\/tr\/","title":{"rendered":"Parkinson, titreme, kat\u0131l\u0131k, distoni hastalar\u0131n\u0131n tedavisi"},"content":{"rendered":"\n<style type=\"text\/css\" data-created_by=\"avia_inline_auto\" id=\"style-css-av-mi09ye8t-7cf4077c2a069e1baf0c84d0f27b32f3\">\n#top .av-special-heading.av-mi09ye8t-7cf4077c2a069e1baf0c84d0f27b32f3{\npadding-bottom:10px;\n}\nbody .av-special-heading.av-mi09ye8t-7cf4077c2a069e1baf0c84d0f27b32f3 .av-special-heading-tag .heading-char{\nfont-size:25px;\n}\n.av-special-heading.av-mi09ye8t-7cf4077c2a069e1baf0c84d0f27b32f3 .av-subheading{\nfont-size:15px;\n}\n<\/style>\n<div  class='av-special-heading av-mi09ye8t-7cf4077c2a069e1baf0c84d0f27b32f3 av-special-heading-h1 blockquote modern-quote  avia-builder-el-0  el_before_av_hr  avia-builder-el-first '><h1 class='av-special-heading-tag '  >Titreme, Kat\u0131l\u0131k veya Distoni mi? <\/h1><div class=\"special-heading-border\"><div class=\"special-heading-inner-border\"><\/div><\/div><\/div>\n\n<style type=\"text\/css\" data-created_by=\"avia_inline_auto\" id=\"style-css-av-mjg2oc2m-f5b432375149811d7938efe6b1581317\">\n#top .hr.hr-invisible.av-mjg2oc2m-f5b432375149811d7938efe6b1581317{\nheight:15px;\n}\n<\/style>\n<div  class='hr av-mjg2oc2m-f5b432375149811d7938efe6b1581317 hr-invisible  avia-builder-el-1  el_after_av_heading  el_before_av_button '><span class='hr-inner '><span class=\"hr-inner-style\"><\/span><\/span><\/div>\n<div  class='avia-button-wrap av-mhuvxabp-a6a4784c881fa0fe39447d43caed5392-wrap avia-button-left  avia-builder-el-2  el_after_av_hr  el_before_av_hr '>\n<style type=\"text\/css\" data-created_by=\"avia_inline_auto\" id=\"style-css-av-mhuvxabp-a6a4784c881fa0fe39447d43caed5392\">\n#top #wrap_all .avia-button.av-mhuvxabp-a6a4784c881fa0fe39447d43caed5392{\nborder-style:none;\nborder-color:#7bb0e7;\nbox-shadow:none;\ntransition:all 0.4s ease-in-out;\n}\n<\/style>\n<a href='https:\/\/tremor.care\/tr\/preclinical-assessment\/'  class='avia-button av-mhuvxabp-a6a4784c881fa0fe39447d43caed5392 av-link-btn avia-icon_select-no avia-size-medium avia-position-left avia-color-theme-color'  title=\"Book a Meeting\" aria-label=\"Book a Meeting\"><span class='avia_iconbox_title' >G\u00f6r\u00fc\u015fme Randevusu Al\u0131n<\/span><\/a><\/div>\n\n<style type=\"text\/css\" data-created_by=\"avia_inline_auto\" id=\"style-css-av-per0-155152e53cae1fa998e6d5b95183d9f2\">\n#top .hr.hr-invisible.av-per0-155152e53cae1fa998e6d5b95183d9f2{\nmargin-top:0px;\nheight:1px;\n}\n<\/style>\n<div  class='hr av-per0-155152e53cae1fa998e6d5b95183d9f2 hr-invisible  avia-builder-el-3  el_after_av_button  el_before_av_button '><span class='hr-inner '><span class=\"hr-inner-style\"><\/span><\/span><\/div>\n<div  class='avia-button-wrap av-mhuwcbap-85730c000ef4be240a15414f6b5e202a-wrap avia-button-left  avia-builder-el-4  el_after_av_hr  el_before_av_hr '>\n<style type=\"text\/css\" data-created_by=\"avia_inline_auto\" id=\"style-css-av-mhuwcbap-85730c000ef4be240a15414f6b5e202a\">\n#top #wrap_all .avia-button.av-mhuwcbap-85730c000ef4be240a15414f6b5e202a{\nborder-style:inset;\nborder-width:1px 1px 1px 1px;\nborder-color:rgba(49,101,140,0.4);\nbox-shadow:none;\ntransition:all 0.4s ease-in-out;\n}\n#top #wrap_all .avia-button.av-mhuwcbap-85730c000ef4be240a15414f6b5e202a:hover{\nbackground-color:white;\ncolor:rgba(0,17,73,0.78);\ntransition:all 0.4s ease-in-out;\n}\n#top #wrap_all .avia-button.av-mhuwcbap-85730c000ef4be240a15414f6b5e202a:hover .avia-svg-icon svg:first-child{\nfill:rgba(0,17,73,0.78);\nstroke:rgba(0,17,73,0.78);\n}\n<\/style>\n<a href='https:\/\/buzaevclinic.com\/services\/tremor-mrgfus-treatment\/'  class='avia-button av-mhuwcbap-85730c000ef4be240a15414f6b5e202a av-link-btn avia-icon_select-no avia-size-medium avia-position-left avia-color-white avia-font-color-white'   aria-label=\"MRgFUS teknolojisi hakk\u0131nda\"><span class='avia_iconbox_title' >MRgFUS teknolojisi hakk\u0131nda<\/span><\/a><\/div>\n\n<style type=\"text\/css\" data-created_by=\"avia_inline_auto\" id=\"style-css-av-1960k-e775521904509584a73c071bbf93ba96\">\n#top .hr.hr-invisible.av-1960k-e775521904509584a73c071bbf93ba96{\nmargin-top:0px;\nheight:1px;\n}\n<\/style>\n<div  class='hr av-1960k-e775521904509584a73c071bbf93ba96 hr-invisible  avia-builder-el-5  el_after_av_button  el_before_av_button '><span class='hr-inner '><span class=\"hr-inner-style\"><\/span><\/span><\/div>\n<div  class='avia-button-wrap av-mhv14ba4-d7ca9e9e2f7e90807d6ef74f3cf565a8-wrap avia-button-left  avia-builder-el-6  el_after_av_hr  el_before_av_hr '>\n<style type=\"text\/css\" data-created_by=\"avia_inline_auto\" id=\"style-css-av-mhv14ba4-d7ca9e9e2f7e90807d6ef74f3cf565a8\">\n#top #wrap_all .avia-button.av-mhv14ba4-d7ca9e9e2f7e90807d6ef74f3cf565a8{\nborder-style:inset;\nborder-width:1px 1px 1px 1px;\nborder-color:rgba(49,101,140,0.4);\nbox-shadow:none;\ntransition:all 0.4s ease-in-out;\n}\n#top #wrap_all .avia-button.av-mhv14ba4-d7ca9e9e2f7e90807d6ef74f3cf565a8:hover{\nbackground-color:white;\ncolor:rgba(0,17,73,0.78);\ntransition:all 0.4s ease-in-out;\n}\n#top #wrap_all .avia-button.av-mhv14ba4-d7ca9e9e2f7e90807d6ef74f3cf565a8:hover .avia-svg-icon svg:first-child{\nfill:rgba(0,17,73,0.78);\nstroke:rgba(0,17,73,0.78);\n}\n<\/style>\n<a href='https:\/\/buzaevclinic.com'  class='avia-button av-mhv14ba4-d7ca9e9e2f7e90807d6ef74f3cf565a8 av-link-btn avia-icon_select-no avia-size-medium avia-position-left avia-color-white avia-font-color-white'   aria-label=\"Hastalar Neden Bizi Tercih Ediyor?\"><span class='avia_iconbox_title' >Hastalar Neden Bizi Tercih Ediyor?<\/span><\/a><\/div>\n\n<style type=\"text\/css\" data-created_by=\"avia_inline_auto\" id=\"style-css-av-mhv11rtb-30ebaa40c0083f53a4c483ee4830af0d\">\n#top .hr.hr-invisible.av-mhv11rtb-30ebaa40c0083f53a4c483ee4830af0d{\nmargin-top:0px;\nheight:1px;\n}\n<\/style>\n<div  class='hr av-mhv11rtb-30ebaa40c0083f53a4c483ee4830af0d hr-invisible  avia-builder-el-7  el_after_av_button  el_before_av_button '><span class='hr-inner '><span class=\"hr-inner-style\"><\/span><\/span><\/div>\n<div  class='avia-button-wrap av-mhv0thfd-b8cfa89d761e9f42f8a26e12ca37c4e3-wrap avia-button-left  avia-builder-el-8  el_after_av_hr  el_before_av_hr '>\n<style type=\"text\/css\" data-created_by=\"avia_inline_auto\" id=\"style-css-av-mhv0thfd-b8cfa89d761e9f42f8a26e12ca37c4e3\">\n#top #wrap_all .avia-button.av-mhv0thfd-b8cfa89d761e9f42f8a26e12ca37c4e3{\nborder-style:inset;\nborder-width:1px 1px 1px 1px;\nborder-color:rgba(49,101,140,0.4);\ntransition:all 0.4s ease-in-out;\n}\n#top #wrap_all .avia-button.av-mhv0thfd-b8cfa89d761e9f42f8a26e12ca37c4e3:hover{\nbackground-color:white;\ncolor:rgba(0,17,73,0.78);\ntransition:all 0.4s ease-in-out;\n}\n#top #wrap_all .avia-button.av-mhv0thfd-b8cfa89d761e9f42f8a26e12ca37c4e3:hover .avia-svg-icon svg:first-child{\nfill:rgba(0,17,73,0.78);\nstroke:rgba(0,17,73,0.78);\n}\n<\/style>\n<a href='https:\/\/buzaevclinic.com\/prices\/mrgfus-tremor-parkinsons-treatment\/'  class='avia-button av-mhv0thfd-b8cfa89d761e9f42f8a26e12ca37c4e3 av-link-btn avia-icon_select-no avia-size-medium avia-position-left avia-color-white avia-font-color-white'   aria-label=\"MRgFUS tedavisi fiyat\u0131\"><span class='avia_iconbox_title' >MRgFUS tedavisi fiyat\u0131<\/span><\/a><\/div>\n\n<style type=\"text\/css\" data-created_by=\"avia_inline_auto\" id=\"style-css-av-14zh4-744d21b17626ef18970bbcfbc9efd281\">\n#top .hr.hr-invisible.av-14zh4-744d21b17626ef18970bbcfbc9efd281{\nmargin-top:0px;\nheight:1px;\n}\n<\/style>\n<div  class='hr av-14zh4-744d21b17626ef18970bbcfbc9efd281 hr-invisible  avia-builder-el-9  el_after_av_button  el_before_av_button '><span class='hr-inner '><span class=\"hr-inner-style\"><\/span><\/span><\/div>\n<div  class='avia-button-wrap av-mhv11bjy-2c990982e415f900216d81f51c22529e-wrap avia-button-left  avia-builder-el-10  el_after_av_hr  el_before_av_hr '>\n<style type=\"text\/css\" data-created_by=\"avia_inline_auto\" id=\"style-css-av-mhv11bjy-2c990982e415f900216d81f51c22529e\">\n#top #wrap_all .avia-button.av-mhv11bjy-2c990982e415f900216d81f51c22529e{\nborder-style:inset;\nborder-width:1px 1px 1px 1px;\nborder-color:#21664b;\ntransition:all 0.4s ease-in-out;\n}\n<\/style>\n<a href='https:\/\/buzaevclinic.com\/contact'  class='avia-button av-mhv11bjy-2c990982e415f900216d81f51c22529e av-link-btn avia-icon_select-no avia-size-medium avia-position-left avia-color-theme-color-highlight'   aria-label=\"Tedavi Merkezleri\"><span class='avia_iconbox_title' >Tedavi Merkezleri<\/span><\/a><\/div>\n\n<style type=\"text\/css\" data-created_by=\"avia_inline_auto\" id=\"style-css-av-mjg2kgmz-e40daaca283811509799c2caa219623e\">\n#top .hr.hr-invisible.av-mjg2kgmz-e40daaca283811509799c2caa219623e{\nmargin-top:0px;\nheight:1px;\n}\n<\/style>\n<div  class='hr av-mjg2kgmz-e40daaca283811509799c2caa219623e hr-invisible  avia-builder-el-11  el_after_av_button  avia-builder-el-last '><span class='hr-inner '><span class=\"hr-inner-style\"><\/span><\/span><\/div>\n","protected":false},"excerpt":{"rendered":"","protected":false},"author":2,"featured_media":253,"parent":0,"menu_order":0,"comment_status":"closed","ping_status":"closed","template":"","meta":{"footnotes":""},"class_list":["post-252","page","type-page","status-publish","has-post-thumbnail","hentry"],"aioseo_notices":[],"aioseo_head":"\n\t\t<!-- All in One SEO Pro 4.9.0 - aioseo.com -->\n\t<meta name=\"description\" content=\"Tremor.Care \u2013 we build a global ecosystem to help patients with Parkinson&#039;s, tremor, rigidity, or dystonia. Telemedicine. Focused Ultrasound Treatment (MRgFUS)\" \/>\n\t<meta name=\"robots\" content=\"max-image-preview:large\" \/>\n\t<meta name=\"google-site-verification\" content=\"_8SL70Xtm47umK7cNAcEoxF3JovK0wmd5RWD-UR29XQ\" \/>\n\t<link rel=\"canonical\" href=\"https:\/\/tremor.care\/tr\/\" \/>\n\t<meta name=\"generator\" content=\"All in One SEO Pro (AIOSEO) 4.9.0\" \/>\n\t\t<meta property=\"og:locale\" content=\"tr_TR\" \/>\n\t\t<meta property=\"og:site_name\" content=\"Telemedicine and Focused Ultrasound (MRgFUS) Treatment - Parkinson&#039;s, tremor, rigidity, dystonia patients treatment\" \/>\n\t\t<meta property=\"og:type\" content=\"article\" \/>\n\t\t<meta property=\"og:title\" content=\"Parkinson&#039;s, tremor, rigidity, dystonia patients treatment\" \/>\n\t\t<meta property=\"og:description\" content=\"Tremor.Care \u2013 we build a global ecosystem to help patients with Parkinson&#039;s, tremor, rigidity, or dystonia. Telemedicine. Focused Ultrasound Treatment (MRgFUS)\" \/>\n\t\t<meta property=\"og:url\" content=\"https:\/\/tremor.care\/tr\/\" \/>\n\t\t<meta property=\"og:image\" content=\"https:\/\/tremor.care\/wp-content\/uploads\/2025\/11\/www-tremor-care.svg\" \/>\n\t\t<meta property=\"og:image:secure_url\" content=\"https:\/\/tremor.care\/wp-content\/uploads\/2025\/11\/www-tremor-care.svg\" \/>\n\t\t<meta property=\"article:published_time\" content=\"2025-11-11T17:57:56+00:00\" \/>\n\t\t<meta property=\"article:modified_time\" content=\"2026-01-05T18:15:23+00:00\" \/>\n\t\t<meta name=\"twitter:card\" content=\"summary_large_image\" \/>\n\t\t<meta name=\"twitter:title\" content=\"Parkinson&#039;s, tremor, rigidity, dystonia patients treatment\" \/>\n\t\t<meta name=\"twitter:description\" content=\"Tremor.Care \u2013 we build a global ecosystem to help patients with Parkinson&#039;s, tremor, rigidity, or dystonia. Telemedicine. Focused Ultrasound Treatment (MRgFUS)\" \/>\n\t\t<meta name=\"twitter:image\" content=\"https:\/\/tremor.care\/wp-content\/uploads\/2025\/11\/www-tremor-care.svg\" \/>\n\t\t<script type=\"application\/ld+json\" class=\"aioseo-schema\">\n\t\t\t{\"@context\":\"https:\\\/\\\/schema.org\",\"@graph\":[{\"@type\":\"BreadcrumbList\",\"@id\":\"https:\\\/\\\/tremor.care\\\/tr\\\/#breadcrumblist\",\"itemListElement\":[{\"@type\":\"ListItem\",\"@id\":\"https:\\\/\\\/tremor.care\\\/tr\\\/#listItem\",\"position\":1,\"name\":\"Home\",\"item\":\"https:\\\/\\\/tremor.care\\\/tr\\\/\",\"nextItem\":{\"@type\":\"ListItem\",\"@id\":\"https:\\\/\\\/tremor.care\\\/tr\\\/#listItem\",\"name\":\"Parkinson, titreme, kat\\u0131l\\u0131k, distoni hastalar\\u0131n\\u0131n tedavisi\"}},{\"@type\":\"ListItem\",\"@id\":\"https:\\\/\\\/tremor.care\\\/tr\\\/#listItem\",\"position\":2,\"name\":\"Parkinson, titreme, kat\\u0131l\\u0131k, distoni hastalar\\u0131n\\u0131n tedavisi\",\"previousItem\":{\"@type\":\"ListItem\",\"@id\":\"https:\\\/\\\/tremor.care\\\/tr\\\/#listItem\",\"name\":\"Home\"}}]},{\"@type\":\"LocalBusiness\",\"@id\":\"https:\\\/\\\/tremor.care\\\/tr\\\/#localbusiness\",\"name\":\"Telemedicine and Focused Ultrasound (MRgFUS) Treatment\",\"brand\":{\"@id\":\"https:\\\/\\\/tremor.care\\\/tr\\\/#organization\"},\"url\":\"https:\\\/\\\/tremor.care\\\/tr\\\/\",\"image\":\"https:\\\/\\\/tremor.care\\\/wp-content\\\/uploads\\\/2025\\\/11\\\/www-tremor-care.svg\",\"logo\":\"https:\\\/\\\/tremor.care\\\/tr\\\/#logo\",\"openingHoursSpecification\":[{\"@type\":\"OpeningHoursSpecification\",\"dayOfWeek\":[\"https:\\\/\\\/schema.org\\\/Monday\"],\"opens\":\"09:00\",\"closes\":\"17:00\"},{\"@type\":\"OpeningHoursSpecification\",\"dayOfWeek\":[\"https:\\\/\\\/schema.org\\\/Tuesday\"],\"opens\":\"09:00\",\"closes\":\"17:00\"},{\"@type\":\"OpeningHoursSpecification\",\"dayOfWeek\":[\"https:\\\/\\\/schema.org\\\/Wednesday\"],\"opens\":\"09:00\",\"closes\":\"17:00\"},{\"@type\":\"OpeningHoursSpecification\",\"dayOfWeek\":[\"https:\\\/\\\/schema.org\\\/Thursday\"],\"opens\":\"09:00\",\"closes\":\"17:00\"},{\"@type\":\"OpeningHoursSpecification\",\"dayOfWeek\":[\"https:\\\/\\\/schema.org\\\/Friday\"],\"opens\":\"09:00\",\"closes\":\"17:00\"},{\"@type\":\"OpeningHoursSpecification\",\"dayOfWeek\":[\"https:\\\/\\\/schema.org\\\/Saturday\"],\"opens\":\"09:00\",\"closes\":\"17:00\"},{\"@type\":\"OpeningHoursSpecification\",\"dayOfWeek\":[\"https:\\\/\\\/schema.org\\\/Sunday\"],\"opens\":\"09:00\",\"closes\":\"17:00\"}]},{\"@type\":\"Organization\",\"@id\":\"https:\\\/\\\/tremor.care\\\/tr\\\/#organization\",\"name\":\"Telemedicine and Focused Ultrasound (MRgFUS) Treatment\",\"description\":\"Parkinson's, tremor, rigidity, dystonia patients treatment\",\"url\":\"https:\\\/\\\/tremor.care\\\/tr\\\/\",\"logo\":{\"@type\":\"ImageObject\",\"url\":\"https:\\\/\\\/tremor.care\\\/wp-content\\\/uploads\\\/2025\\\/11\\\/www-tremor-care.svg\",\"@id\":\"https:\\\/\\\/tremor.care\\\/tr\\\/#organizationLogo\"},\"image\":{\"@id\":\"https:\\\/\\\/tremor.care\\\/tr\\\/#organizationLogo\"},\"sameAs\":[\"https:\\\/\\\/www.instagram.com\\\/buzaevclinic\\\/\",\"https:\\\/\\\/www.tiktok.com\\\/@galimovarezida\",\"https:\\\/\\\/www.youtube.com\\\/@tremorcare\",\"https:\\\/\\\/www.linkedin.com\\\/company\\\/tremor-care\\\/\"]},{\"@type\":\"WebPage\",\"@id\":\"https:\\\/\\\/tremor.care\\\/tr\\\/#webpage\",\"url\":\"https:\\\/\\\/tremor.care\\\/tr\\\/\",\"name\":\"Parkinson's, tremor, rigidity, dystonia patients treatment\",\"description\":\"Tremor.Care \\u2013 we build a global ecosystem to help patients with Parkinson's, tremor, rigidity, or dystonia. Telemedicine. Focused Ultrasound Treatment (MRgFUS)\",\"inLanguage\":\"tr-TR\",\"isPartOf\":{\"@id\":\"https:\\\/\\\/tremor.care\\\/tr\\\/#website\"},\"breadcrumb\":{\"@id\":\"https:\\\/\\\/tremor.care\\\/tr\\\/#breadcrumblist\"},\"image\":{\"@type\":\"ImageObject\",\"url\":\"https:\\\/\\\/tremor.care\\\/wp-content\\\/uploads\\\/2025\\\/11\\\/www-tremor-care.svg\",\"@id\":\"https:\\\/\\\/tremor.care\\\/tr\\\/#mainImage\"},\"primaryImageOfPage\":{\"@id\":\"https:\\\/\\\/tremor.care\\\/tr\\\/#mainImage\"},\"datePublished\":\"2025-11-11T17:57:56+00:00\",\"dateModified\":\"2026-01-05T18:15:23+00:00\"},{\"@type\":\"WebSite\",\"@id\":\"https:\\\/\\\/tremor.care\\\/tr\\\/#website\",\"url\":\"https:\\\/\\\/tremor.care\\\/tr\\\/\",\"name\":\"Telemedicine and Focused Ultrasound (MRgFUS) Treatment\",\"description\":\"Parkinson's, tremor, rigidity, dystonia patients treatment\",\"inLanguage\":\"tr-TR\",\"publisher\":{\"@id\":\"https:\\\/\\\/tremor.care\\\/tr\\\/#organization\"}}]}\n\t\t<\/script>\n\t\t<!-- All in One SEO Pro -->\r\n\t\t<title>Parkinson's, tremor, rigidity, dystonia patients treatment<\/title>\n\n","aioseo_head_json":{"title":"Parkinson's, tremor, rigidity, dystonia patients treatment","description":"Tremor.Care \u2013 we build a global ecosystem to help patients with Parkinson's, tremor, rigidity, or dystonia. Telemedicine. Focused Ultrasound Treatment (MRgFUS)","canonical_url":"https:\/\/tremor.care\/tr\/","robots":"max-image-preview:large","keywords":"","webmasterTools":{"google-site-verification":"_8SL70Xtm47umK7cNAcEoxF3JovK0wmd5RWD-UR29XQ","miscellaneous":""},"schema":{"@context":"https:\/\/schema.org","@graph":[{"@type":"BreadcrumbList","@id":"https:\/\/tremor.care\/tr\/#breadcrumblist","itemListElement":[{"@type":"ListItem","@id":"https:\/\/tremor.care\/tr\/#listItem","position":1,"name":"Home","item":"https:\/\/tremor.care\/tr\/","nextItem":{"@type":"ListItem","@id":"https:\/\/tremor.care\/tr\/#listItem","name":"Parkinson, titreme, kat\u0131l\u0131k, distoni hastalar\u0131n\u0131n tedavisi"}},{"@type":"ListItem","@id":"https:\/\/tremor.care\/tr\/#listItem","position":2,"name":"Parkinson, titreme, kat\u0131l\u0131k, distoni hastalar\u0131n\u0131n tedavisi","previousItem":{"@type":"ListItem","@id":"https:\/\/tremor.care\/tr\/#listItem","name":"Home"}}]},{"@type":"LocalBusiness","@id":"https:\/\/tremor.care\/tr\/#localbusiness","name":"Telemedicine and Focused Ultrasound (MRgFUS) Treatment","brand":{"@id":"https:\/\/tremor.care\/tr\/#organization"},"url":"https:\/\/tremor.care\/tr\/","image":"https:\/\/tremor.care\/wp-content\/uploads\/2025\/11\/www-tremor-care.svg","logo":"https:\/\/tremor.care\/tr\/#logo","openingHoursSpecification":[{"@type":"OpeningHoursSpecification","dayOfWeek":["https:\/\/schema.org\/Monday"],"opens":"09:00","closes":"17:00"},{"@type":"OpeningHoursSpecification","dayOfWeek":["https:\/\/schema.org\/Tuesday"],"opens":"09:00","closes":"17:00"},{"@type":"OpeningHoursSpecification","dayOfWeek":["https:\/\/schema.org\/Wednesday"],"opens":"09:00","closes":"17:00"},{"@type":"OpeningHoursSpecification","dayOfWeek":["https:\/\/schema.org\/Thursday"],"opens":"09:00","closes":"17:00"},{"@type":"OpeningHoursSpecification","dayOfWeek":["https:\/\/schema.org\/Friday"],"opens":"09:00","closes":"17:00"},{"@type":"OpeningHoursSpecification","dayOfWeek":["https:\/\/schema.org\/Saturday"],"opens":"09:00","closes":"17:00"},{"@type":"OpeningHoursSpecification","dayOfWeek":["https:\/\/schema.org\/Sunday"],"opens":"09:00","closes":"17:00"}]},{"@type":"Organization","@id":"https:\/\/tremor.care\/tr\/#organization","name":"Telemedicine and Focused Ultrasound (MRgFUS) Treatment","description":"Parkinson's, tremor, rigidity, dystonia patients treatment","url":"https:\/\/tremor.care\/tr\/","logo":{"@type":"ImageObject","url":"https:\/\/tremor.care\/wp-content\/uploads\/2025\/11\/www-tremor-care.svg","@id":"https:\/\/tremor.care\/tr\/#organizationLogo"},"image":{"@id":"https:\/\/tremor.care\/tr\/#organizationLogo"},"sameAs":["https:\/\/www.instagram.com\/buzaevclinic\/","https:\/\/www.tiktok.com\/@galimovarezida","https:\/\/www.youtube.com\/@tremorcare","https:\/\/www.linkedin.com\/company\/tremor-care\/"]},{"@type":"WebPage","@id":"https:\/\/tremor.care\/tr\/#webpage","url":"https:\/\/tremor.care\/tr\/","name":"Parkinson's, tremor, rigidity, dystonia patients treatment","description":"Tremor.Care \u2013 we build a global ecosystem to help patients with Parkinson's, tremor, rigidity, or dystonia. Telemedicine. Focused Ultrasound Treatment (MRgFUS)","inLanguage":"tr-TR","isPartOf":{"@id":"https:\/\/tremor.care\/tr\/#website"},"breadcrumb":{"@id":"https:\/\/tremor.care\/tr\/#breadcrumblist"},"image":{"@type":"ImageObject","url":"https:\/\/tremor.care\/wp-content\/uploads\/2025\/11\/www-tremor-care.svg","@id":"https:\/\/tremor.care\/tr\/#mainImage"},"primaryImageOfPage":{"@id":"https:\/\/tremor.care\/tr\/#mainImage"},"datePublished":"2025-11-11T17:57:56+00:00","dateModified":"2026-01-05T18:15:23+00:00"},{"@type":"WebSite","@id":"https:\/\/tremor.care\/tr\/#website","url":"https:\/\/tremor.care\/tr\/","name":"Telemedicine and Focused Ultrasound (MRgFUS) Treatment","description":"Parkinson's, tremor, rigidity, dystonia patients treatment","inLanguage":"tr-TR","publisher":{"@id":"https:\/\/tremor.care\/tr\/#organization"}}]},"og:locale":"tr_TR","og:site_name":"Telemedicine and Focused Ultrasound (MRgFUS) Treatment - Parkinson's, tremor, rigidity, dystonia patients treatment","og:type":"article","og:title":"Parkinson's, tremor, rigidity, dystonia patients treatment","og:description":"Tremor.Care \u2013 we build a global ecosystem to help patients with Parkinson's, tremor, rigidity, or dystonia. Telemedicine. Focused Ultrasound Treatment (MRgFUS)","og:url":"https:\/\/tremor.care\/tr\/","og:image":"https:\/\/tremor.care\/wp-content\/uploads\/2025\/11\/www-tremor-care.svg","og:image:secure_url":"https:\/\/tremor.care\/wp-content\/uploads\/2025\/11\/www-tremor-care.svg","article:published_time":"2025-11-11T17:57:56+00:00","article:modified_time":"2026-01-05T18:15:23+00:00","twitter:card":"summary_large_image","twitter:title":"Parkinson's, tremor, rigidity, dystonia patients treatment","twitter:description":"Tremor.Care \u2013 we build a global ecosystem to help patients with Parkinson's, tremor, rigidity, or dystonia. Telemedicine. Focused Ultrasound Treatment (MRgFUS)","twitter:image":"https:\/\/tremor.care\/wp-content\/uploads\/2025\/11\/www-tremor-care.svg"},"aioseo_meta_data":{"post_id":"252","title":"Parkinson's, tremor, rigidity, dystonia patients treatment","description":"Tremor.Care \u2013 we build a global ecosystem to help patients with Parkinson's, tremor, rigidity, or dystonia. Telemedicine. Focused Ultrasound Treatment (MRgFUS)","keywords":null,"keyphrases":{"focus":{"keyphrase":"","score":0,"analysis":{"keyphraseInTitle":{"score":0,"maxScore":9,"error":1}}},"additional":[]},"primary_term":null,"canonical_url":null,"og_title":null,"og_description":null,"og_object_type":"default","og_image_type":"default","og_image_url":null,"og_image_width":null,"og_image_height":null,"og_image_custom_url":null,"og_image_custom_fields":null,"og_video":"","og_custom_url":null,"og_article_section":null,"og_article_tags":null,"twitter_use_og":false,"twitter_card":"default","twitter_image_type":"default","twitter_image_url":null,"twitter_image_custom_url":null,"twitter_image_custom_fields":null,"twitter_title":null,"twitter_description":null,"schema":{"blockGraphs":[],"customGraphs":[],"default":{"data":{"Article":[],"Course":[],"Dataset":[],"FAQPage":[],"Movie":[],"Person":[],"Product":[],"ProductReview":[],"Car":[],"Recipe":[],"Service":[],"SoftwareApplication":[],"WebPage":[]},"graphName":"WebPage","isEnabled":true},"graphs":[]},"schema_type":"default","schema_type_options":null,"pillar_content":false,"robots_default":true,"robots_noindex":false,"robots_noarchive":false,"robots_nosnippet":false,"robots_nofollow":false,"robots_noimageindex":false,"robots_noodp":false,"robots_notranslate":false,"robots_max_snippet":"-1","robots_max_videopreview":"-1","robots_max_imagepreview":"large","priority":null,"frequency":"default","local_seo":null,"seo_analyzer_scan_date":"2026-01-05 18:25:32","breadcrumb_settings":null,"limit_modified_date":false,"reviewed_by":"0","open_ai":null,"ai":{"faqs":[],"keyPoints":[],"titles":[],"descriptions":[],"socialPosts":{"email":[],"linkedin":[],"twitter":[],"facebook":[],"instagram":[]}},"created":"2025-12-30 00:39:07","updated":"2026-01-05 18:25:32"},"aioseo_breadcrumb":"<div class=\"aioseo-breadcrumbs\"><span class=\"aioseo-breadcrumb\">\n\t<a href=\"https:\/\/tremor.care\/tr\/\" title=\"Home\">Home<\/a>\n<\/span><span class=\"aioseo-breadcrumb-separator\">&raquo;<\/span><span class=\"aioseo-breadcrumb\">\n\tParkinson, titreme, kat\u0131l\u0131k, distoni hastalar\u0131n\u0131n tedavisi\n<\/span><\/div>","aioseo_breadcrumb_json":[{"label":"Home","link":"https:\/\/tremor.care\/tr\/"},{"label":"Parkinson, titreme, kat\u0131l\u0131k, distoni hastalar\u0131n\u0131n tedavisi","link":"https:\/\/tremor.care\/tr\/"}],"_links":{"self":[{"href":"https:\/\/tremor.care\/tr\/wp-json\/wp\/v2\/pages\/252","targetHints":{"allow":["GET"]}}],"collection":[{"href":"https:\/\/tremor.care\/tr\/wp-json\/wp\/v2\/pages"}],"about":[{"href":"https:\/\/tremor.care\/tr\/wp-json\/wp\/v2\/types\/page"}],"author":[{"embeddable":true,"href":"https:\/\/tremor.care\/tr\/wp-json\/wp\/v2\/users\/2"}],"replies":[{"embeddable":true,"href":"https:\/\/tremor.care\/tr\/wp-json\/wp\/v2\/comments?post=252"}],"version-history":[{"count":0,"href":"https:\/\/tremor.care\/tr\/wp-json\/wp\/v2\/pages\/252\/revisions"}],"wp:featuredmedia":[{"embeddable":true,"href":"https:\/\/tremor.care\/tr\/wp-json\/wp\/v2\/media\/253"}],"wp:attachment":[{"href":"https:\/\/tremor.care\/tr\/wp-json\/wp\/v2\/media?parent=252"}],"curies":[{"name":"wp","href":"https:\/\/api.w.org\/{rel}","templated":true}]}}