{"id":292,"date":"2025-12-20T20:47:34","date_gmt":"2025-12-20T20:47:34","guid":{"rendered":"https:\/\/tremor.care\/preclinical-assessment\/"},"modified":"2025-12-30T17:39:12","modified_gmt":"2025-12-30T17:39:12","slug":"preclinical-assessment","status":"publish","type":"page","link":"https:\/\/tremor.care\/tr\/preclinical-assessment\/","title":{"rendered":"\u2060Klinik \u00f6ncesi de\u011ferlendirme randevusu al\u0131n"},"content":{"rendered":"\n<h1 class=\"wp-block-heading\">Klinik \u00f6ncesi de\u011ferlendirme randevusu al\u0131n<\/h1>\n\n<div style=\"height:25px\" aria-hidden=\"true\" class=\"wp-block-spacer\"><\/div>\n\n<div style=\"height:50px\" aria-hidden=\"true\" class=\"wp-block-spacer\"><\/div>\n\n<h2 class=\"wp-block-heading\">1. \u015eartlar ve Ko\u015fullar\u0131 Okuyup Kabul Edin<\/h2>\n\n<div style=\"height:25px\" aria-hidden=\"true\" class=\"wp-block-spacer\"><\/div>\n\n<h3 class=\"wp-block-heading\">Hizmet:  <\/h3>\n\n<p>Potansiyel bir hasta ve\/veya yak\u0131nlar\u0131yla yap\u0131lan, t\u0131bbi olmayan, bilgilendirme ama\u00e7l\u0131 klinik \u00f6ncesi de\u011ferlendirme<\/p>\n\n<h3 class=\"wp-block-heading\">A\u00e7\u0131klama:<\/h3>\n\n<p>Bu faaliyet, t\u0131p merkezi personeli taraf\u0131ndan potansiyel bir hasta ve\/veya yak\u0131nlar\u0131yla ger\u00e7ekle\u015ftirilen, t\u0131bbi olmayan, bilgilendirme ama\u00e7l\u0131 bir g\u00f6r\u00fc\u015fmedir.<\/p>\n\n<p>G\u00f6r\u00fc\u015fmenin amac\u0131, herhangi bir te\u015fhis, t\u0131bbi de\u011ferlendirme veya ki\u015fiye \u00f6zel tedavi \u00f6nerisi yap\u0131lmaks\u0131z\u0131n genel bilgi ve rehberlik sa\u011flamakt\u0131r.<\/p>\n\n<h3 class=\"wp-block-heading\">Bu g\u00f6r\u00fc\u015fme s\u0131ras\u0131nda personel \u015funlar\u0131 yapabilir:<\/h3>\n\n<ul class=\"wp-block-list\">\n<li>Hastan\u0131n hali haz\u0131rda kendi yerel n\u00f6rolo\u011fu taraf\u0131ndan muayene edilip edilmedi\u011fini teyit eder.<\/li>\n\n\n\n<li>Gerekli belgeleri kontrol eder ve \u00e7evirir.<\/li>\n\n\n\n<li>Hastan\u0131n tedavi i\u00e7in t\u0131p merkezine seyahat etmeyi d\u00fc\u015f\u00fcnmesinin makul olup olmad\u0131\u011f\u0131n\u0131 de\u011ferlendirmesine yard\u0131mc\u0131 olacak genel bilgiler sa\u011flar.<\/li>\n\n\n\n<li>T\u0131p merkezini ziyaret etmeden \u00f6nce tamamlanmas\u0131 tavsiye edilen \u00f6n muayeneler veya uzman kons\u00fcltasyonlar\u0131 hakk\u0131nda genel \u00f6nerilerde bulunur.<\/li>\n\n\n\n<li>Seyahat d\u00fczenlemeleri, konaklama ve kal\u0131\u015f s\u0131ras\u0131ndaki konforla ilgili t\u0131bbi olmayan sorular\u0131 yan\u0131tlar.<\/li>\n\n\n\n<li>Potansiyel hastan\u0131n \u00f6zel durumuna veya ko\u015fuluna at\u0131fta bulunmaks\u0131z\u0131n, t\u0131p merkezinin tedavi teknolojileri hakk\u0131nda genel g\u00f6stergeleri, kontrendikasyonlar\u0131 ve olas\u0131 yan etkileri de dahil olmak \u00fczere genel bilgiler sa\u011flar.<\/li>\n\n\n\n<li><strong>Bu bilgilendirme ama\u00e7l\u0131 kons\u00fcltasyon, bir t\u0131bbi hizmet, klinik kons\u00fcltasyon, te\u015fhis faaliyeti veya t\u0131bbi tavsiye te\u015fkil ETMEZ ve bu \u015fekilde yorumlanmamal\u0131d\u0131r.<\/strong> Hastan\u0131n halihaz\u0131rda yerel bir n\u00f6rolog raporuna sahip olmas\u0131n\u0131 bekliyoruz.<\/li>\n<\/ul>\n\n<div style=\"height:75px\" aria-hidden=\"true\" class=\"wp-block-spacer\"><\/div>\n\n<h2 class=\"wp-block-heading\">\u20602. <a href=\"https:\/\/app.buzaevclinic.ru\/index.php?module=ext\/public\/form&amp;id=12\" title=\"\">Ba\u015fvuru formunu doldurun<\/a><\/h2>\n\n<div style=\"height:25px\" aria-hidden=\"true\" class=\"wp-block-spacer\"><\/div>\n\n<p>E\u011fer yak\u0131n\u0131n\u0131z i\u00e7in \u00f6deme yap\u0131yorsan\u0131z, kons\u00fcltasyonun kimin i\u00e7in ve kimin ad\u0131na \u00f6dendi\u011fini bilmemiz gerekmektedir.<\/p>\n\n<div style=\"height:25px\" aria-hidden=\"true\" class=\"wp-block-spacer\"><\/div>\n\n<div class=\"wp-block-buttons has-custom-font-size has-medium-font-size is-vertical is-layout-flex wp-container-core-buttons-is-layout-8cf370e7 wp-block-buttons-is-layout-flex\">\n<div class=\"wp-block-button is-style-fill\"><a class=\"wp-block-button__link has-white-color has-steel-teal-background-color has-text-color has-background has-link-color has-border-color wp-element-button\" href=\"https:\/\/app.buzaevclinic.ru\/index.php?module=ext\/public\/form&amp;id=12\" style=\"border-color:#2a4d4b;border-width:1px;border-radius:5px\">\u2060Ba\u015fvuru formunu doldurun<\/a><\/div>\n<\/div>\n\n<div style=\"height:100px\" aria-hidden=\"true\" class=\"wp-block-spacer\"><\/div>\n\n<h2 class=\"wp-block-heading\">3. Klinik \u00f6ncesi de\u011ferlendirme i\u00e7in \u00f6deme yap\u0131n  <\/h2>\n\n<div style=\"height:25px\" aria-hidden=\"true\" class=\"wp-block-spacer\"><\/div>\n\n<blockquote class=\"wp-block-quote is-layout-flow wp-block-quote-is-layout-flow\">\n<p>Tedavi i\u00e7in seyahat \u00f6ncesi klinik \u00f6ncesi de\u011ferlendirme \u2013 5500 ruble (<strong>70$<\/strong>)<\/p>\n<\/blockquote>\n\n<div style=\"height:25px\" aria-hidden=\"true\" class=\"wp-block-spacer\"><\/div>\n\n<div class=\"wp-block-buttons has-custom-font-size has-medium-font-size is-vertical is-layout-flex wp-container-core-buttons-is-layout-8cf370e7 wp-block-buttons-is-layout-flex\">\n<div class=\"wp-block-button is-style-fill\"><a class=\"wp-block-button__link has-white-color has-text-color has-background has-link-color wp-element-button\" href=\"https:\/\/buzaevclinic-eng.payform.ru\/\" style=\"border-radius:5px;background-color:#29614e\">\u00d6deme Yap\u0131n  <\/a><\/div>\n<\/div>\n\n<div style=\"height:100px\" aria-hidden=\"true\" class=\"wp-block-spacer\"><\/div>\n\n<h2 class=\"wp-block-heading\">4. Makbuzu G\u00f6nderin<\/h2>\n\n<div style=\"height:25px\" aria-hidden=\"true\" class=\"wp-block-spacer\"><\/div>\n\n<ol class=\"wp-block-list\">\n<li>\u00d6deme makbuzu<\/li>\n\n\n\n<li>Hastan\u0131n tam ad\u0131<\/li>\n\n\n\n<li>\u00d6demeyi yapan ki\u015finin tam ad\u0131 (hasta d\u0131\u015f\u0131nda bir ki\u015fi \u00f6deme yap\u0131yorsa),<\/li>\n\n\n\n<li>Doktor raporu ve tan\u0131 (foto\u011fraf veya tarama)  <\/li>\n<\/ol>\n\n<p>e-posta adresine <a href=\"mailto:help@tremor.care?subject=%22Preclinical%20Assessment%20Booking%20Receipt.%20Patient's%20name%20is%20FULLNAME%22\" title=\"\">help@tremor.care<\/a><\/p>\n\n<div style=\"height:25px\" aria-hidden=\"true\" class=\"wp-block-spacer\"><\/div>\n\n<div class=\"wp-block-buttons has-custom-font-size has-medium-font-size is-vertical is-layout-flex wp-container-core-buttons-is-layout-8cf370e7 wp-block-buttons-is-layout-flex\">\n<div class=\"wp-block-button is-style-fill\"><a class=\"wp-block-button__link has-white-color has-text-color has-background has-link-color wp-element-button\" href=\"mailto:help@tremor.care?subject=&quot;Preclinical Assessment Booking Receipt. Patient's name is FULLNAME&quot;\" style=\"border-radius:5px;background-color:#29614e\">help@tremor.care<\/a><\/div>\n<\/div>\n\n<div style=\"height:25px\" aria-hidden=\"true\" class=\"wp-block-spacer\"><\/div>\n\n<p>E-postan\u0131n konusunda <strong>\u00f6demenin kimin ad\u0131na yap\u0131ld\u0131\u011f\u0131n\u0131 mutlaka belirtiniz<\/strong> (Tam Ad).<\/p>\n\n<div style=\"height:100px\" aria-hidden=\"true\" class=\"wp-block-spacer\"><\/div>\n\n<h2 class=\"wp-block-heading\">5. L\u00fctfen bekleyiniz, sizinle ileti\u015fime ge\u00e7ece\u011fiz<\/h2>\n\n<div style=\"height:25px\" aria-hidden=\"true\" class=\"wp-block-spacer\"><\/div>\n\n<p>\u00d6deme klini\u011fin hesab\u0131na ge\u00e7tikten ve \u00f6demeyi yapan ki\u015fi ile \u00f6demenin yap\u0131ld\u0131\u011f\u0131 hasta belirlendikten sonra, klinik y\u00f6neticisi verilen ileti\u015fim bilgilerini kullanarak \u00f6demeyi yapan ki\u015fiyle ileti\u015fime ge\u00e7er ve Buzaev Klini\u011fi&#8217;nde tedavi \u00f6ncesi klinik \u00f6ncesi de\u011ferlendirme randevusu i\u00e7in uygun tarih ve saatleri sunar.<\/p>\n\n<div style=\"height:25px\" aria-hidden=\"true\" class=\"wp-block-spacer\"><\/div>\n\n<div class=\"wp-block-buttons has-custom-font-size has-medium-font-size is-vertical is-layout-flex wp-container-core-buttons-is-layout-8cf370e7 wp-block-buttons-is-layout-flex\">\n<div class=\"wp-block-button is-style-fill\"><a class=\"wp-block-button__link has-white-color has-text-color has-background has-link-color wp-element-button\" href=\"https:\/\/wa.me\/79610461187?text=Hello,%20Buzaevclinic%20team,%20I%20have%20a%20question%20about%20preclinical%20assessment.%20My%20name%20is\" style=\"border-radius:5px;background-color:#29614e\">Sorular\u0131n\u0131z i\u00e7in WhatsApp \u202a+7 961 046\u201111\u201187\u202c<\/a><\/div>\n<\/div>\n\n<div style=\"height:0px\" aria-hidden=\"true\" class=\"wp-block-spacer\"><\/div>\n\n<div style=\"height:100px\" aria-hidden=\"true\" class=\"wp-block-spacer\"><\/div>\n\n<p><\/p>\n","protected":false},"excerpt":{"rendered":"<p>Klinik \u00f6ncesi de\u011ferlendirme randevusu al\u0131n 1. \u015eartlar ve Ko\u015fullar\u0131 Okuyup Kabul Edin Hizmet: Potansiyel bir hasta ve\/veya yak\u0131nlar\u0131yla yap\u0131lan, t\u0131bbi olmayan, bilgilendirme ama\u00e7l\u0131 klinik \u00f6ncesi de\u011ferlendirme A\u00e7\u0131klama: Bu faaliyet, t\u0131p merkezi personeli taraf\u0131ndan potansiyel bir hasta ve\/veya yak\u0131nlar\u0131yla ger\u00e7ekle\u015ftirilen, t\u0131bbi olmayan, bilgilendirme ama\u00e7l\u0131 bir g\u00f6r\u00fc\u015fmedir. G\u00f6r\u00fc\u015fmenin amac\u0131, herhangi bir te\u015fhis, t\u0131bbi de\u011ferlendirme veya ki\u015fiye \u00f6zel [&hellip;]<\/p>\n","protected":false},"author":1,"featured_media":0,"parent":0,"menu_order":0,"comment_status":"closed","ping_status":"closed","template":"","meta":{"footnotes":""},"class_list":["post-292","page","type-page","status-publish","hentry"],"aioseo_notices":[],"aioseo_head":"\n\t\t<!-- All in One SEO Pro 4.9.0 - aioseo.com -->\n\t<meta name=\"description\" content=\"Book a preclinical assessment to visit our centre for focused ultrasound (MRgFUS) treatment of Parkinson&#039;s disease, shaking, rigidity, or essential tremor\" \/>\n\t<meta name=\"robots\" content=\"max-image-preview:large\" \/>\n\t<meta name=\"google-site-verification\" content=\"_8SL70Xtm47umK7cNAcEoxF3JovK0wmd5RWD-UR29XQ\" \/>\n\t<link rel=\"canonical\" href=\"https:\/\/tremor.care\/tr\/preclinical-assessment\/\" \/>\n\t<meta name=\"generator\" content=\"All in One SEO Pro (AIOSEO) 4.9.0\" \/>\n\t\t<meta property=\"og:locale\" content=\"tr_TR\" \/>\n\t\t<meta property=\"og:site_name\" content=\"Telemedicine and Focused Ultrasound (MRgFUS) Treatment - Parkinson&#039;s, tremor, rigidity, dystonia patients treatment\" \/>\n\t\t<meta property=\"og:type\" content=\"article\" \/>\n\t\t<meta property=\"og:title\" content=\"\u2060Parkinson&#039;s tremor treatment. Book a preclinical assessment\" \/>\n\t\t<meta property=\"og:description\" content=\"Book a preclinical assessment to visit our centre for focused ultrasound (MRgFUS) treatment of Parkinson&#039;s disease, shaking, rigidity, or essential tremor\" \/>\n\t\t<meta property=\"og:url\" content=\"https:\/\/tremor.care\/tr\/preclinical-assessment\/\" \/>\n\t\t<meta property=\"og:image\" content=\"https:\/\/tremor.care\/wp-content\/uploads\/2025\/11\/www-tremor-care.svg\" \/>\n\t\t<meta property=\"og:image:secure_url\" content=\"https:\/\/tremor.care\/wp-content\/uploads\/2025\/11\/www-tremor-care.svg\" \/>\n\t\t<meta property=\"article:published_time\" content=\"2025-12-20T20:47:34+00:00\" \/>\n\t\t<meta property=\"article:modified_time\" content=\"2025-12-30T17:39:12+00:00\" \/>\n\t\t<meta name=\"twitter:card\" content=\"summary_large_image\" \/>\n\t\t<meta name=\"twitter:title\" content=\"\u2060Parkinson&#039;s tremor treatment. Book a preclinical assessment\" \/>\n\t\t<meta name=\"twitter:description\" content=\"Book a preclinical assessment to visit our centre for focused ultrasound (MRgFUS) treatment of Parkinson&#039;s disease, shaking, rigidity, or essential tremor\" \/>\n\t\t<meta name=\"twitter:image\" content=\"https:\/\/tremor.care\/wp-content\/uploads\/2025\/11\/www-tremor-care.svg\" \/>\n\t\t<script type=\"application\/ld+json\" class=\"aioseo-schema\">\n\t\t\t{\"@context\":\"https:\\\/\\\/schema.org\",\"@graph\":[{\"@type\":\"BreadcrumbList\",\"@id\":\"https:\\\/\\\/tremor.care\\\/tr\\\/preclinical-assessment\\\/#breadcrumblist\",\"itemListElement\":[{\"@type\":\"ListItem\",\"@id\":\"https:\\\/\\\/tremor.care\\\/tr\\\/#listItem\",\"position\":1,\"name\":\"Home\",\"item\":\"https:\\\/\\\/tremor.care\\\/tr\\\/\",\"nextItem\":{\"@type\":\"ListItem\",\"@id\":\"https:\\\/\\\/tremor.care\\\/tr\\\/preclinical-assessment\\\/#listItem\",\"name\":\"\\u2060Klinik \\u00f6ncesi de\\u011ferlendirme randevusu al\\u0131n\"}},{\"@type\":\"ListItem\",\"@id\":\"https:\\\/\\\/tremor.care\\\/tr\\\/preclinical-assessment\\\/#listItem\",\"position\":2,\"name\":\"\\u2060Klinik \\u00f6ncesi de\\u011ferlendirme randevusu al\\u0131n\",\"previousItem\":{\"@type\":\"ListItem\",\"@id\":\"https:\\\/\\\/tremor.care\\\/tr\\\/#listItem\",\"name\":\"Home\"}}]},{\"@type\":\"Organization\",\"@id\":\"https:\\\/\\\/tremor.care\\\/tr\\\/#organization\",\"name\":\"Telemedicine and Focused Ultrasound (MRgFUS) Treatment\",\"description\":\"Parkinson's, tremor, rigidity, dystonia patients treatment\",\"url\":\"https:\\\/\\\/tremor.care\\\/tr\\\/\",\"logo\":{\"@type\":\"ImageObject\",\"url\":\"https:\\\/\\\/tremor.care\\\/wp-content\\\/uploads\\\/2025\\\/11\\\/www-tremor-care.svg\",\"@id\":\"https:\\\/\\\/tremor.care\\\/tr\\\/preclinical-assessment\\\/#organizationLogo\"},\"image\":{\"@id\":\"https:\\\/\\\/tremor.care\\\/tr\\\/preclinical-assessment\\\/#organizationLogo\"},\"sameAs\":[\"https:\\\/\\\/www.instagram.com\\\/buzaevclinic\\\/\",\"https:\\\/\\\/www.tiktok.com\\\/@galimovarezida\",\"https:\\\/\\\/www.youtube.com\\\/@tremorcare\",\"https:\\\/\\\/www.linkedin.com\\\/company\\\/tremor-care\\\/\"]},{\"@type\":\"WebPage\",\"@id\":\"https:\\\/\\\/tremor.care\\\/tr\\\/preclinical-assessment\\\/#webpage\",\"url\":\"https:\\\/\\\/tremor.care\\\/tr\\\/preclinical-assessment\\\/\",\"name\":\"\\u2060Parkinson's tremor treatment. Book a preclinical assessment\",\"description\":\"Book a preclinical assessment to visit our centre for focused ultrasound (MRgFUS) treatment of Parkinson's disease, shaking, rigidity, or essential tremor\",\"inLanguage\":\"tr-TR\",\"isPartOf\":{\"@id\":\"https:\\\/\\\/tremor.care\\\/tr\\\/#website\"},\"breadcrumb\":{\"@id\":\"https:\\\/\\\/tremor.care\\\/tr\\\/preclinical-assessment\\\/#breadcrumblist\"},\"datePublished\":\"2025-12-20T20:47:34+00:00\",\"dateModified\":\"2025-12-30T17:39:12+00:00\"},{\"@type\":\"WebSite\",\"@id\":\"https:\\\/\\\/tremor.care\\\/tr\\\/#website\",\"url\":\"https:\\\/\\\/tremor.care\\\/tr\\\/\",\"name\":\"Telemedicine and Focused Ultrasound (MRgFUS) Treatment\",\"description\":\"Parkinson's, tremor, rigidity, dystonia patients treatment\",\"inLanguage\":\"tr-TR\",\"publisher\":{\"@id\":\"https:\\\/\\\/tremor.care\\\/tr\\\/#organization\"}}]}\n\t\t<\/script>\n\t\t<!-- All in One SEO Pro -->\r\n\t\t<title>\u2060Parkinson's tremor treatment. Book a preclinical assessment<\/title>\n\n","aioseo_head_json":{"title":"\u2060Parkinson's tremor treatment. Book a preclinical assessment","description":"Book a preclinical assessment to visit our centre for focused ultrasound (MRgFUS) treatment of Parkinson's disease, shaking, rigidity, or essential tremor","canonical_url":"https:\/\/tremor.care\/tr\/preclinical-assessment\/","robots":"max-image-preview:large","keywords":"","webmasterTools":{"google-site-verification":"_8SL70Xtm47umK7cNAcEoxF3JovK0wmd5RWD-UR29XQ","miscellaneous":""},"schema":{"@context":"https:\/\/schema.org","@graph":[{"@type":"BreadcrumbList","@id":"https:\/\/tremor.care\/tr\/preclinical-assessment\/#breadcrumblist","itemListElement":[{"@type":"ListItem","@id":"https:\/\/tremor.care\/tr\/#listItem","position":1,"name":"Home","item":"https:\/\/tremor.care\/tr\/","nextItem":{"@type":"ListItem","@id":"https:\/\/tremor.care\/tr\/preclinical-assessment\/#listItem","name":"\u2060Klinik \u00f6ncesi de\u011ferlendirme randevusu al\u0131n"}},{"@type":"ListItem","@id":"https:\/\/tremor.care\/tr\/preclinical-assessment\/#listItem","position":2,"name":"\u2060Klinik \u00f6ncesi de\u011ferlendirme randevusu al\u0131n","previousItem":{"@type":"ListItem","@id":"https:\/\/tremor.care\/tr\/#listItem","name":"Home"}}]},{"@type":"Organization","@id":"https:\/\/tremor.care\/tr\/#organization","name":"Telemedicine and Focused Ultrasound (MRgFUS) Treatment","description":"Parkinson's, tremor, rigidity, dystonia patients treatment","url":"https:\/\/tremor.care\/tr\/","logo":{"@type":"ImageObject","url":"https:\/\/tremor.care\/wp-content\/uploads\/2025\/11\/www-tremor-care.svg","@id":"https:\/\/tremor.care\/tr\/preclinical-assessment\/#organizationLogo"},"image":{"@id":"https:\/\/tremor.care\/tr\/preclinical-assessment\/#organizationLogo"},"sameAs":["https:\/\/www.instagram.com\/buzaevclinic\/","https:\/\/www.tiktok.com\/@galimovarezida","https:\/\/www.youtube.com\/@tremorcare","https:\/\/www.linkedin.com\/company\/tremor-care\/"]},{"@type":"WebPage","@id":"https:\/\/tremor.care\/tr\/preclinical-assessment\/#webpage","url":"https:\/\/tremor.care\/tr\/preclinical-assessment\/","name":"\u2060Parkinson's tremor treatment. Book a preclinical assessment","description":"Book a preclinical assessment to visit our centre for focused ultrasound (MRgFUS) treatment of Parkinson's disease, shaking, rigidity, or essential tremor","inLanguage":"tr-TR","isPartOf":{"@id":"https:\/\/tremor.care\/tr\/#website"},"breadcrumb":{"@id":"https:\/\/tremor.care\/tr\/preclinical-assessment\/#breadcrumblist"},"datePublished":"2025-12-20T20:47:34+00:00","dateModified":"2025-12-30T17:39:12+00:00"},{"@type":"WebSite","@id":"https:\/\/tremor.care\/tr\/#website","url":"https:\/\/tremor.care\/tr\/","name":"Telemedicine and Focused Ultrasound (MRgFUS) Treatment","description":"Parkinson's, tremor, rigidity, dystonia patients treatment","inLanguage":"tr-TR","publisher":{"@id":"https:\/\/tremor.care\/tr\/#organization"}}]},"og:locale":"tr_TR","og:site_name":"Telemedicine and Focused Ultrasound (MRgFUS) Treatment - Parkinson's, tremor, rigidity, dystonia patients treatment","og:type":"article","og:title":"\u2060Parkinson's tremor treatment. Book a preclinical assessment","og:description":"Book a preclinical assessment to visit our centre for focused ultrasound (MRgFUS) treatment of Parkinson's disease, shaking, rigidity, or essential tremor","og:url":"https:\/\/tremor.care\/tr\/preclinical-assessment\/","og:image":"https:\/\/tremor.care\/wp-content\/uploads\/2025\/11\/www-tremor-care.svg","og:image:secure_url":"https:\/\/tremor.care\/wp-content\/uploads\/2025\/11\/www-tremor-care.svg","article:published_time":"2025-12-20T20:47:34+00:00","article:modified_time":"2025-12-30T17:39:12+00:00","twitter:card":"summary_large_image","twitter:title":"\u2060Parkinson's tremor treatment. Book a preclinical assessment","twitter:description":"Book a preclinical assessment to visit our centre for focused ultrasound (MRgFUS) treatment of Parkinson's disease, shaking, rigidity, or essential tremor","twitter:image":"https:\/\/tremor.care\/wp-content\/uploads\/2025\/11\/www-tremor-care.svg"},"aioseo_meta_data":{"post_id":"292","title":"\u2060Parkinson's tremor treatment. Book a preclinical assessment","description":"Book a preclinical assessment to visit our centre for focused ultrasound (MRgFUS) treatment of Parkinson's disease, shaking, rigidity, or essential tremor","keywords":null,"keyphrases":{"focus":{"keyphrase":"","score":0,"analysis":{"keyphraseInTitle":{"score":0,"maxScore":9,"error":1}}},"additional":[]},"primary_term":null,"canonical_url":null,"og_title":null,"og_description":null,"og_object_type":"default","og_image_type":"default","og_image_url":null,"og_image_width":null,"og_image_height":null,"og_image_custom_url":null,"og_image_custom_fields":null,"og_video":"","og_custom_url":null,"og_article_section":null,"og_article_tags":null,"twitter_use_og":false,"twitter_card":"default","twitter_image_type":"default","twitter_image_url":null,"twitter_image_custom_url":null,"twitter_image_custom_fields":null,"twitter_title":null,"twitter_description":null,"schema":{"blockGraphs":[],"customGraphs":[],"default":{"data":{"Article":[],"Course":[],"Dataset":[],"FAQPage":[],"Movie":[],"Person":[],"Product":[],"ProductReview":[],"Car":[],"Recipe":[],"Service":[],"SoftwareApplication":[],"WebPage":[]},"graphName":"WebPage","isEnabled":true},"graphs":[]},"schema_type":"default","schema_type_options":null,"pillar_content":false,"robots_default":true,"robots_noindex":false,"robots_noarchive":false,"robots_nosnippet":false,"robots_nofollow":false,"robots_noimageindex":false,"robots_noodp":false,"robots_notranslate":false,"robots_max_snippet":"-1","robots_max_videopreview":"-1","robots_max_imagepreview":"large","priority":null,"frequency":"default","local_seo":null,"seo_analyzer_scan_date":"2025-12-30 17:41:17","breadcrumb_settings":null,"limit_modified_date":false,"reviewed_by":"0","open_ai":null,"ai":{"faqs":[],"keyPoints":[],"titles":[],"descriptions":[],"socialPosts":{"email":[],"linkedin":[],"twitter":[],"facebook":[],"instagram":[]}},"created":"2025-12-30 16:38:11","updated":"2025-12-30 17:43:12"},"aioseo_breadcrumb":"<div class=\"aioseo-breadcrumbs\"><span class=\"aioseo-breadcrumb\">\n\t<a href=\"https:\/\/tremor.care\/tr\/\" title=\"Home\">Home<\/a>\n<\/span><span class=\"aioseo-breadcrumb-separator\">&raquo;<\/span><span class=\"aioseo-breadcrumb\">\n\t\u2060Klinik \u00f6ncesi de\u011ferlendirme randevusu al\u0131n\n<\/span><\/div>","aioseo_breadcrumb_json":[{"label":"Home","link":"https:\/\/tremor.care\/tr\/"},{"label":"\u2060Klinik \u00f6ncesi de\u011ferlendirme randevusu al\u0131n","link":"https:\/\/tremor.care\/tr\/preclinical-assessment\/"}],"_links":{"self":[{"href":"https:\/\/tremor.care\/tr\/wp-json\/wp\/v2\/pages\/292","targetHints":{"allow":["GET"]}}],"collection":[{"href":"https:\/\/tremor.care\/tr\/wp-json\/wp\/v2\/pages"}],"about":[{"href":"https:\/\/tremor.care\/tr\/wp-json\/wp\/v2\/types\/page"}],"author":[{"embeddable":true,"href":"https:\/\/tremor.care\/tr\/wp-json\/wp\/v2\/users\/1"}],"replies":[{"embeddable":true,"href":"https:\/\/tremor.care\/tr\/wp-json\/wp\/v2\/comments?post=292"}],"version-history":[{"count":0,"href":"https:\/\/tremor.care\/tr\/wp-json\/wp\/v2\/pages\/292\/revisions"}],"wp:attachment":[{"href":"https:\/\/tremor.care\/tr\/wp-json\/wp\/v2\/media?parent=292"}],"curies":[{"name":"wp","href":"https:\/\/api.w.org\/{rel}","templated":true}]}}